{"id":157,"date":"2022-10-23T17:00:47","date_gmt":"2022-10-23T17:00:47","guid":{"rendered":"https:\/\/cco-occ.utschools.ca\/?page_id=157"},"modified":"2026-02-03T17:14:30","modified_gmt":"2026-02-03T17:14:30","slug":"home","status":"publish","type":"page","link":"https:\/\/cco-occ.utschools.ca\/","title":{"rendered":"Home"},"content":{"rendered":"<section id=\"sp-ks8a8s\" data-mobile-visibility=\"#sp-ks8a8s|false\" data-tablet-visibility=\"#sp-ks8a8s|false\" data-desktop-visibility=\"#sp-ks8a8s|false\" data-mobile-css=\"\" data-tablet-css=\"\" class=\"sp-el-section\" style=\"width: 100%; max-width: 100%; padding: 10px;\">\n<div id=\"sp-vw3kvy\" data-mobile-visibility=\"#sp-vw3kvy|false\" data-tablet-visibility=\"#sp-vw3kvy|false\" data-desktop-visibility=\"#sp-vw3kvy|false\" data-mobile-css=\"\" data-tablet-css=\"\" class=\"sp-el-row sp-w-full  sp-m-auto sm:sp-flex sp-justify-between\" style=\"padding: 0px;\">\n<div id=\"sp-l3u7xb\" data-mobile-visibility=\"#sp-l3u7xb|false\" data-tablet-visibility=\"#sp-l3u7xb|false\" data-desktop-visibility=\"#sp-l3u7xb|false\" data-mobile-css=\"\" data-tablet-css=\"\" class=\"sp-el-col  sp-w-full\" style=\"width: calc(100% + 0px);\">\n<div id=\"sp-button-parent-b2ht7b\" data-mobile-css=\"#sp-button-parent-b2ht7b|text-align:center;\" data-tablet-css=\"#sp-button-parent-b2ht7b|text-align:center;\" class=\"sp-button-wrapper sp-el-block sp_animated_start animated fadeInUp ani_fadeInUp\" style=\"margin: 0px; text-align: center;\"><a href=\"https:\/\/forms.gle\/TFbLCEGGMu8e3qwY9\" id=\"sp-b2ht7b\" data-mobile-css=\"\" data-tablet-css=\"\" data-mobile-visibility=\".sp-button-b2ht7b|false\" data-tablet-visibility=\".sp-button-b2ht7b|false\" data-desktop-visibility=\".sp-button-b2ht7b|false\" target=\"_blank\" rel=\"\" class=\"sp-button sp-css-target sp-text-center sp-inline-block sp-leading-none sp-button-b2ht7b\" style=\"font-size: 22px; width: auto; padding: 16px 20px; border-radius: 4px;\"><span><em>Register here for the 2025-2026 training program&nbsp;<\/em><\/span><\/a><\/div>\n<div id=\"sp-alm1zm\" data-mobile-css=\".sp-text-wrapper-alm1zm, #sp-alm1zm, #alm1zm|text-align:left;\" data-tablet-css=\".sp-text-wrapper-alm1zm, #sp-alm1zm, #alm1zm|text-align:left;\" data-mobile-visibility=\".sp-text-wrapper-alm1zm|false\" data-tablet-visibility=\".sp-text-wrapper-alm1zm|false\" data-desktop-visibility=\".sp-text-wrapper-alm1zm|false\" class=\"sp-css-target sp-text-wrapper sp-el-block sp-text-block-style sp-text-wrapper-alm1zm animated zoomIn ani_zoomIn\" style=\"font-size: 53px; font-family: Questrial; text-shadow: rgba(0, 0, 0, 0.5) 1px 1px 3px; margin: 0px; text-align: center;\">\n<p>Canadian Chemistry Olympiad<\/p>\n<p>Olympiade canadienne de chimie<\/p>\n<\/div>\n<\/div>\n<\/div>\n<\/section>\n<section id=\"sp-vrd18e\" data-mobile-visibility=\"#sp-vrd18e|false\" data-tablet-visibility=\"#sp-vrd18e|false\" data-desktop-visibility=\"#sp-vrd18e|false\" data-mobile-css=\"\" data-tablet-css=\"\" class=\"sp-el-section\" style=\"width: 100%; max-width: 100%;\">\n<div id=\"sp-uvxfzg\" data-mobile-visibility=\"#sp-uvxfzg|false\" data-tablet-visibility=\"#sp-uvxfzg|false\" data-desktop-visibility=\"#sp-uvxfzg|false\" data-mobile-css=\"\" data-tablet-css=\"\" class=\"sp-el-row sp-w-full  sp-m-auto sm:sp-flex sp-justify-between\">\n<div id=\"sp-czlasi\" data-mobile-visibility=\"#sp-czlasi|false\" data-tablet-visibility=\"#sp-czlasi|false\" data-desktop-visibility=\"#sp-czlasi|false\" data-mobile-css=\"\" data-tablet-css=\"\" class=\"sp-el-col  sp-w-full\" style=\"width: calc(50% + 0px);\">\n<div id=\"sp-jmyzu6\" data-mobile-css=\".sp-text-wrapper-jmyzu6, #sp-jmyzu6, #jmyzu6|text-align:left;\" data-tablet-css=\".sp-text-wrapper-jmyzu6, #sp-jmyzu6, #jmyzu6|text-align:left;\" data-mobile-visibility=\".sp-text-wrapper-jmyzu6|false\" data-tablet-visibility=\".sp-text-wrapper-jmyzu6|false\" data-desktop-visibility=\".sp-text-wrapper-jmyzu6|false\" class=\"sp-css-target sp-text-wrapper sp-el-block sp-text-block-style sp-text-wrapper-jmyzu6\" style=\"margin: 0px; text-align: left;\">\n<p style=\"text-align: center;\">The Canada Chemistry Olympiad (CCO) is a training program for Canadian high school students with an interest in advanced high school level Chemistry. If you are a Canadian Student at a Canadian High School who is passionate about Chemistry, you are a candidate for this program.<\/p>\n<\/div>\n<\/div>\n<div id=\"sp-pc9i5s\" data-mobile-visibility=\"#sp-pc9i5s|false\" data-tablet-visibility=\"#sp-pc9i5s|false\" data-desktop-visibility=\"#sp-pc9i5s|false\" data-mobile-css=\"\" data-tablet-css=\"\" class=\"sp-el-col  sp-w-full\" style=\"width: calc(50% + 0px);\">\n<div id=\"sp-iik6ze\" data-mobile-css=\".sp-text-wrapper-iik6ze, #sp-iik6ze, #iik6ze|text-align:left;\" data-tablet-css=\".sp-text-wrapper-iik6ze, #sp-iik6ze, #iik6ze|text-align:left;\" data-mobile-visibility=\".sp-text-wrapper-iik6ze|false\" data-tablet-visibility=\".sp-text-wrapper-iik6ze|false\" data-desktop-visibility=\".sp-text-wrapper-iik6ze|false\" class=\"sp-css-target sp-text-wrapper sp-el-block sp-text-block-style sp-text-wrapper-iik6ze\" style=\"margin: 0px; text-align: left;\">\n<p>L&#8217;Olympiade canadienne de chimie (OCC) est un programme de formation destin\u00e9 aux \u00e9l\u00e8ves canadiens du secondaire qui s&#8217;int\u00e9ressent \u00e0 la chimie de niveau avanc\u00e9. Si vous \u00eates un \u00e9tudiant canadien d&#8217;une \u00e9cole secondaire canadienne et que vous \u00eates passionn\u00e9 de chimie, vous \u00eates un candidat pour ce programme.<\/p>\n<\/div>\n<\/div>\n<\/div>\n<\/section>\n<section id=\"sp-klys53\" data-mobile-visibility=\"#sp-klys53|false\" data-tablet-visibility=\"#sp-klys53|false\" data-desktop-visibility=\"#sp-klys53|false\" data-mobile-css=\"\" data-tablet-css=\"\" class=\"sp-el-section\" style=\"width: 100%; max-width: 100%;\">\n<div id=\"sp-c3jdfs\" data-mobile-visibility=\"#sp-c3jdfs|false\" data-tablet-visibility=\"#sp-c3jdfs|false\" data-desktop-visibility=\"#sp-c3jdfs|false\" data-mobile-css=\"\" data-tablet-css=\"\" class=\"sp-el-row sp-w-full  sp-m-auto sm:sp-flex sp-justify-between\">\n<div id=\"sp-repfwb\" data-mobile-visibility=\"#sp-repfwb|false\" data-tablet-visibility=\"#sp-repfwb|false\" data-desktop-visibility=\"#sp-repfwb|false\" data-mobile-css=\"\" data-tablet-css=\"\" class=\"sp-el-col  sp-w-full\" style=\"width: calc(50% + 0px);\">\n<div id=\"sp-blhpps\" data-mobile-css=\".sp-text-wrapper-blhpps, #sp-blhpps, #blhpps|text-align:left;\" data-tablet-css=\".sp-text-wrapper-blhpps, #sp-blhpps, #blhpps|text-align:left;\" data-mobile-visibility=\".sp-text-wrapper-blhpps|false\" data-tablet-visibility=\".sp-text-wrapper-blhpps|false\" data-desktop-visibility=\".sp-text-wrapper-blhpps|false\" class=\"sp-css-target sp-text-wrapper sp-el-block sp-text-block-style sp-text-wrapper-blhpps\" style=\"font-family: Questrial; margin: 0px; text-align: left;\">\n<h3>The 2024-25 Team<\/h3>\n<p>Congratulations to this year&#8217;s finalists who represented Canada in Dubai, United Arab Emirates in July 2025.<\/p>\n<ul>\n<li>Bronze Medalist: Alison Wang, Western Canada High School, Calgary, Alberta<\/li>\n<li>Bronze Medalist: Haiyue Luo, <span data-sheets-root=\"1\">Port Moody Secondary School, Port Moody, British Columbia <\/span>&nbsp;<\/li>\n<li>Silver Medalist: <span data-sheets-root=\"1\">Jiabei Luo, Sir Winston Churchill High School, Calgary, Alberta<\/span><\/li>\n<li>Silver medalist: Oscar Liu, St. George&#8217;s School, Vancouver, British Columbia<\/li>\n<\/ul>\n<\/div>\n<figure id=\"sp-cni2x0\" data-mobile-css=\"#sp-cni2x0|text-align:center;\" data-tablet-css=\"#sp-cni2x0|text-align:center;\" class=\"sp-image-wrapper sp-el-block\" style=\"margin: 0px; text-align: center;\">\n<div><span><img loading=\"lazy\" decoding=\"async\" src=\"https:\/\/cco-occ.utschools.ca\/wp-content\/uploads\/2025\/09\/IChO-2025.jpg\" alt=\"\" width=\"1600\" height=\"1200\" data-dynamic-tag=\"\" data-image-src=\"wpmedia\" data-mobile-visibility=\".sp-image-block-cni2x0|false\" data-tablet-visibility=\".sp-image-block-cni2x0|false\" data-desktop-visibility=\".sp-image-block-cni2x0|false\" srcset=\" https:\/\/cco-occ.utschools.ca\/wp-content\/uploads\/2025\/09\/IChO-2025-150x150.jpg 150w, https:\/\/cco-occ.utschools.ca\/wp-content\/uploads\/2025\/09\/IChO-2025-300x225.jpg 300w, https:\/\/cco-occ.utschools.ca\/wp-content\/uploads\/2025\/09\/IChO-2025-1024x768.jpg 1024w, https:\/\/cco-occ.utschools.ca\/wp-content\/uploads\/2025\/09\/IChO-2025.jpg 1600w\" class=\"sp-image-block-cni2x0 custom-preview-class\" style=\"width: 1600px;\"><\/span><\/div>\n<div id=\"sp-image-dynamic-tags-js-cni2x0\"><script>jQuery(function() { image_dynamic_tags('cni2x0' );});<\/script><\/div>\n<\/figure>\n<\/div>\n<div id=\"sp-i0mduy\" data-mobile-visibility=\"#sp-i0mduy|false\" data-tablet-visibility=\"#sp-i0mduy|false\" data-desktop-visibility=\"#sp-i0mduy|false\" data-mobile-css=\"\" data-tablet-css=\"\" class=\"sp-el-col  sp-w-full\" style=\"width: calc(50% + 0px);\">\n<div id=\"sp-ft7ie0\" data-mobile-css=\".sp-text-wrapper-ft7ie0, #sp-ft7ie0, #ft7ie0|text-align:left;\" data-tablet-css=\".sp-text-wrapper-ft7ie0, #sp-ft7ie0, #ft7ie0|text-align:left;\" data-mobile-visibility=\".sp-text-wrapper-ft7ie0|false\" data-tablet-visibility=\".sp-text-wrapper-ft7ie0|false\" data-desktop-visibility=\".sp-text-wrapper-ft7ie0|false\" class=\"sp-css-target sp-text-wrapper sp-el-block sp-text-block-style sp-text-wrapper-ft7ie0\" style=\"font-size: 16px; font-family: Questrial; margin: 0px; text-align: left;\">\n<h3>L&#8217;\u00e9quipe 2024-25&nbsp;<\/h3>\n<p>F\u00e9licitations aux finalistes de cette ann\u00e9e qui ont repr\u00e9sent\u00e9 le Canada \u00e0 Duba\u00ef, aux \u00c9mirats arabes unis en juillet 2025.<\/p>\n<ul>\n<li>M\u00e9daille de bronze: Alison Wang, Western Canada High School, Calgary, Alberta<\/li>\n<li>M\u00e9daille de bronze: Haiyue Luo, <span data-sheets-root=\"1\">Port Moody Secondary School, Port Moody, British Columbia<\/span><\/li>\n<li>M\u00e9daille d&#8217;argent: <span data-sheets-root=\"1\">Jiabei Luo, Sir Winston Churchill High School, Calgary, Alberta<\/span><\/li>\n<li>M\u00e9daille d&#8217;argent: Oscar Liu, St. George&#8217;s School, Vancouver, British Columbia<\/li>\n<\/ul>\n<\/div>\n<figure id=\"sp-mi7tuo\" data-mobile-css=\"#sp-mi7tuo|text-align:center;\" data-tablet-css=\"#sp-mi7tuo|text-align:center;\" class=\"sp-image-wrapper sp-el-block\" style=\"margin: 0px; text-align: center;\">\n<div><span><img loading=\"lazy\" decoding=\"async\" src=\"https:\/\/cco-occ.utschools.ca\/wp-content\/uploads\/2025\/09\/IChO-2025-2.jpg\" alt=\"\" width=\"1600\" height=\"721\" data-dynamic-tag=\"\" data-image-src=\"wpmedia\" data-mobile-visibility=\".sp-image-block-mi7tuo|false\" data-tablet-visibility=\".sp-image-block-mi7tuo|false\" data-desktop-visibility=\".sp-image-block-mi7tuo|false\" srcset=\" https:\/\/cco-occ.utschools.ca\/wp-content\/uploads\/2025\/09\/IChO-2025-2-150x150.jpg 150w, https:\/\/cco-occ.utschools.ca\/wp-content\/uploads\/2025\/09\/IChO-2025-2-300x135.jpg 300w, https:\/\/cco-occ.utschools.ca\/wp-content\/uploads\/2025\/09\/IChO-2025-2-1024x461.jpg 1024w, https:\/\/cco-occ.utschools.ca\/wp-content\/uploads\/2025\/09\/IChO-2025-2.jpg 1600w\" class=\"sp-image-block-mi7tuo custom-preview-class\" style=\"width: 1600px;\"><\/span><\/div>\n<div id=\"sp-image-dynamic-tags-js-mi7tuo\"><script>jQuery(function() { image_dynamic_tags('mi7tuo' );});<\/script><\/div>\n<\/figure>\n<\/div>\n<\/div>\n<\/section>\n<section id=\"sp-lg1cxu\" data-mobile-visibility=\"#sp-lg1cxu|false\" data-tablet-visibility=\"#sp-lg1cxu|false\" data-desktop-visibility=\"#sp-lg1cxu|false\" data-mobile-css=\"\" data-tablet-css=\"\" class=\"sp-el-section\" style=\"width: 100%; max-width: 100%;\">\n<div id=\"sp-u7lgxh\" data-mobile-visibility=\"#sp-u7lgxh|false\" data-tablet-visibility=\"#sp-u7lgxh|false\" data-desktop-visibility=\"#sp-u7lgxh|false\" data-mobile-css=\"\" data-tablet-css=\"\" class=\"sp-el-row sp-w-full  sp-m-auto sm:sp-flex sp-justify-between\">\n<div id=\"sp-rv160d\" data-mobile-visibility=\"#sp-rv160d|false\" data-tablet-visibility=\"#sp-rv160d|false\" data-desktop-visibility=\"#sp-rv160d|false\" data-mobile-css=\"\" data-tablet-css=\"\" class=\"sp-el-col  sp-w-full\" style=\"width: calc(50% + 0px);\">\n<div id=\"sp-f3wltb\" data-mobile-css=\".sp-text-wrapper-f3wltb, #sp-f3wltb, #f3wltb|text-align:left;\" data-tablet-css=\".sp-text-wrapper-f3wltb, #sp-f3wltb, #f3wltb|text-align:left;\" data-mobile-visibility=\".sp-text-wrapper-f3wltb|false\" data-tablet-visibility=\".sp-text-wrapper-f3wltb|false\" data-desktop-visibility=\".sp-text-wrapper-f3wltb|false\" class=\"sp-css-target sp-text-wrapper sp-el-block sp-text-block-style sp-text-wrapper-f3wltb\" style=\"margin: 0px; text-align: left;\">\n<p style=\"text-align: center;\">Problem sets will be posted below on the 1st of each month (except the October Problem set which is now posted and due on Nov 30). Students will need to register to submit their solutions.&nbsp;<\/p>\n<ul>\n<li>October Problem set (due Nov 30)<\/li>\n<li>November Problem Set (due Nov 30)<\/li>\n<li>December Problem Set (due Dec 30)<\/li>\n<li>January Problem Set (due Jan 30)<\/li>\n<li>February Problem Set (due Feb 28)<\/li>\n<li>Take Home Exam (posted March 1, due March 31st)<\/li>\n<\/ul>\n<\/div>\n<\/div>\n<div id=\"sp-c6yqub\" data-mobile-visibility=\"#sp-c6yqub|false\" data-tablet-visibility=\"#sp-c6yqub|false\" data-desktop-visibility=\"#sp-c6yqub|false\" data-mobile-css=\"\" data-tablet-css=\"\" class=\"sp-el-col  sp-w-full\" style=\"width: calc(50% + 0px);\">\n<div id=\"sp-q9dl9z\" data-mobile-css=\".sp-text-wrapper-q9dl9z, #sp-q9dl9z, #q9dl9z|text-align:left;\" data-tablet-css=\".sp-text-wrapper-q9dl9z, #sp-q9dl9z, #q9dl9z|text-align:left;\" data-mobile-visibility=\".sp-text-wrapper-q9dl9z|false\" data-tablet-visibility=\".sp-text-wrapper-q9dl9z|false\" data-desktop-visibility=\".sp-text-wrapper-q9dl9z|false\" class=\"sp-css-target sp-text-wrapper sp-el-block sp-text-block-style sp-text-wrapper-q9dl9z\" style=\"margin: 0px; text-align: left;\">\n<p>Les probl\u00e8mes seront affich\u00e9s ci-dessous le 1er de chaque mois (sauf les probl\u00e8mes d&#8217;octobre qui sont maintenant affich\u00e9s et sont \u00e0 rendre le 30 novembre). Les \u00e9tudiants devront s&#8217;inscrire pour soumettre leurs solutions.<\/p>\n<ul>\n<li>Probl\u00e8mes d&#8217;octobre (\u00e0 rendre le 30 novembre)<\/li>\n<li>Probl\u00e8mes de novembre (\u00e0 rendre le 30 novembre)<\/li>\n<li>Probl\u00e8mes de d\u00e9cembre (\u00e0 rendre le 30 d\u00e9cembre)<\/li>\n<li>Probl\u00e8mes de janvier (\u00e0 rendre le 30 janvier)<\/li>\n<li>Probl\u00e8mes de f\u00e9vrier (\u00e0 rendre 28 f\u00e9vrier)<\/li>\n<li>Examen \u00e0 la maison (affich\u00e9 le 1er mars, \u00e0 rendre le 31 mars)<\/li>\n<\/ul>\n<\/div>\n<\/div>\n<\/div>\n<\/section>\n","protected":false},"excerpt":{"rendered":"<p>Register here for the 2025-2026 training program&nbsp; Canadian Chemistry Olympiad Olympiade canadienne de chimie The Canada Chemistry Olympiad (CCO) is a training program for Canadian high school students with an interest in advanced high school level Chemistry. If you are a Canadian Student at a Canadian High School who is passionate about Chemistry, you are [&hellip;]<\/p>\n","protected":false},"author":1,"featured_media":0,"parent":0,"menu_order":0,"comment_status":"close","ping_status":"close","template":"","meta":{"footnotes":""},"class_list":["post-157","page","type-page","status-publish","hentry"],"_links":{"self":[{"href":"https:\/\/cco-occ.utschools.ca\/index.php?rest_route=\/wp\/v2\/pages\/157","targetHints":{"allow":["GET"]}}],"collection":[{"href":"https:\/\/cco-occ.utschools.ca\/index.php?rest_route=\/wp\/v2\/pages"}],"about":[{"href":"https:\/\/cco-occ.utschools.ca\/index.php?rest_route=\/wp\/v2\/types\/page"}],"author":[{"embeddable":true,"href":"https:\/\/cco-occ.utschools.ca\/index.php?rest_route=\/wp\/v2\/users\/1"}],"replies":[{"embeddable":true,"href":"https:\/\/cco-occ.utschools.ca\/index.php?rest_route=%2Fwp%2Fv2%2Fcomments&post=157"}],"version-history":[{"count":46,"href":"https:\/\/cco-occ.utschools.ca\/index.php?rest_route=\/wp\/v2\/pages\/157\/revisions"}],"predecessor-version":[{"id":607,"href":"https:\/\/cco-occ.utschools.ca\/index.php?rest_route=\/wp\/v2\/pages\/157\/revisions\/607"}],"wp:attachment":[{"href":"https:\/\/cco-occ.utschools.ca\/index.php?rest_route=%2Fwp%2Fv2%2Fmedia&parent=157"}],"curies":[{"name":"wp","href":"https:\/\/api.w.org\/{rel}","templated":true}]}}