{"id":160,"date":"2022-10-23T17:09:36","date_gmt":"2022-10-23T17:09:36","guid":{"rendered":"https:\/\/cco-occ.utschools.ca\/?page_id=160"},"modified":"2024-01-31T03:17:47","modified_gmt":"2024-01-31T03:17:47","slug":"preparation-resources","status":"publish","type":"page","link":"https:\/\/cco-occ.utschools.ca\/?page_id=160","title":{"rendered":"Preparation Resources"},"content":{"rendered":"<section id=\"sp-i82wfc51exo2\" data-mobile-visibility=\"#sp-i82wfc51exo2|false\" data-tablet-visibility=\"#sp-i82wfc51exo2|false\" data-desktop-visibility=\"#sp-i82wfc51exo2|false\" data-mobile-css=\"\" data-tablet-css=\"\" class=\"sp-el-section  spBgcover\" style=\"width: 100%; max-width: 100%; padding: 10px;\">\n<div id=\"sp-beo0dgl7vo2\" data-mobile-visibility=\"#sp-beo0dgl7vo2|false\" data-tablet-visibility=\"#sp-beo0dgl7vo2|false\" data-desktop-visibility=\"#sp-beo0dgl7vo2|false\" data-mobile-css=\"\" data-tablet-css=\"\" class=\"sp-el-row sm:sp-flex sp-w-full  sp-m-auto spBgcover sp-justify-between\" style=\"padding: 0px; width: auto; max-width: 1000px;\">\n<div id=\"sp-ix2sfdmckosr\" data-mobile-visibility=\"#sp-ix2sfdmckosr|false\" data-tablet-visibility=\"#sp-ix2sfdmckosr|false\" data-desktop-visibility=\"#sp-ix2sfdmckosr|false\" data-mobile-css=\"\" data-tablet-css=\"\" class=\"sp-el-col  spBgcover sp-w-full\" style=\"width: calc(100% + 0px);\">\n<style type=\"text\/css\">       #sp-ix2sfdmckosr .sp-col-top .seedprod-shape-fill {fill: undefined;} #sp-ix2sfdmckosr .sp-col-top svg {width: undefined%;height: undefinedpx;transform: translateX(-50%);} #sp-ix2sfdmckosr .sp-col-bottom .seedprod-shape-fill {fill: undefined;} #sp-ix2sfdmckosr .sp-col-bottom svg {width: undefined%;height: undefinedpx;transform: translateX(-50%);}     <\/style>\n<div class=\"sp-col-shape sp-col-top\" style=\"z-index: 0;\">\n<div><\/div>\n<\/div>\n<div class=\"sp-col-shape sp-col-bottom\" style=\"z-index: 0;\">\n<div><\/div>\n<\/div>\n<h1 id=\"sp-lz4g7yi3yn8\" data-mobile-css=\".sp-headline-block-lz4g7yi3yn8, #sp-lz4g7yi3yn8, #lz4g7yi3yn8|text-align:center;\" data-tablet-css=\".sp-headline-block-lz4g7yi3yn8, #sp-lz4g7yi3yn8, #lz4g7yi3yn8|text-align:center;\" data-mobile-visibility=\".sp-headline-block-lz4g7yi3yn8|false\" data-tablet-visibility=\".sp-headline-block-lz4g7yi3yn8|false\" data-desktop-visibility=\".sp-headline-block-lz4g7yi3yn8|false\" class=\"sp-css-target sp-el-block sp-headline-block-lz4g7yi3yn8 sp-type-header\" style=\"text-align: center; margin: 0px;\">Resources<\/h1>\n<\/div>\n<\/div>\n<div id=\"sp-ply92wg84r6\" data-mobile-visibility=\"#sp-ply92wg84r6|false\" data-tablet-visibility=\"#sp-ply92wg84r6|false\" data-desktop-visibility=\"#sp-ply92wg84r6|false\" data-mobile-css=\"\" data-tablet-css=\"\" class=\"sp-el-row sm:sp-flex sp-w-full  sp-m-auto spBgcover sp-justify-between\" style=\"padding: 0px; width: auto; max-width: 1000px;\">\n<div id=\"sp-ewl3kesk9cc\" data-mobile-visibility=\"#sp-ewl3kesk9cc|false\" data-tablet-visibility=\"#sp-ewl3kesk9cc|false\" data-desktop-visibility=\"#sp-ewl3kesk9cc|false\" data-mobile-css=\"\" data-tablet-css=\"\" class=\"sp-el-col  spBgcover sp-w-full\" style=\"width: calc(50% + 0px);\">\n<style type=\"text\/css\">       #sp-ewl3kesk9cc .sp-col-top .seedprod-shape-fill {fill: undefined;} #sp-ewl3kesk9cc .sp-col-top svg {width: undefined%;height: undefinedpx;transform: translateX(-50%);} #sp-ewl3kesk9cc .sp-col-bottom .seedprod-shape-fill {fill: undefined;} #sp-ewl3kesk9cc .sp-col-bottom svg {width: undefined%;height: undefinedpx;transform: translateX(-50%);}     <\/style>\n<div class=\"sp-col-shape sp-col-top\" style=\"z-index: 0;\">\n<div><\/div>\n<\/div>\n<div class=\"sp-col-shape sp-col-bottom\" style=\"z-index: 0;\">\n<div><\/div>\n<\/div>\n<h2 id=\"sp-nw4dt0rnk80c\" data-mobile-css=\".sp-headline-block-nw4dt0rnk80c, #sp-nw4dt0rnk80c, #nw4dt0rnk80c|text-align:center;\" data-tablet-css=\".sp-headline-block-nw4dt0rnk80c, #sp-nw4dt0rnk80c, #nw4dt0rnk80c|text-align:center;\" data-mobile-visibility=\".sp-headline-block-nw4dt0rnk80c|false\" data-tablet-visibility=\".sp-headline-block-nw4dt0rnk80c|false\" data-desktop-visibility=\".sp-headline-block-nw4dt0rnk80c|false\" class=\"sp-css-target sp-el-block sp-headline-block-nw4dt0rnk80c sp-type-header\" style=\"font-size: 20px; text-align: left; margin: 0px;\">Resource Overview<\/h2>\n<div id=\"sp-o1dw6fg3x5hu\" data-mobile-css=\".sp-text-wrapper-o1dw6fg3x5hu, #sp-o1dw6fg3x5hu, #o1dw6fg3x5hu|text-align:left;\" data-tablet-css=\".sp-text-wrapper-o1dw6fg3x5hu, #sp-o1dw6fg3x5hu, #o1dw6fg3x5hu|text-align:left;\" data-mobile-visibility=\".sp-text-wrapper-o1dw6fg3x5hu|false\" data-tablet-visibility=\".sp-text-wrapper-o1dw6fg3x5hu|false\" data-desktop-visibility=\".sp-text-wrapper-o1dw6fg3x5hu|false\" class=\"sp-css-target sp-text-wrapper sp-el-block sp-text-wrapper-o1dw6fg3x5hu\" style=\"margin: 0px; text-align: left;\">\n<p>Students wanting to participate in the Chemistry Olympiad will find that the topics and level of difficulty are above those of the provincial and territorial grade 12 curricla. The national and international competitions also place a strong emphasis on laboratory work. This page provides materials and links to assist students in completing the on-line preparation problems and preparing for both the CCO and the IChO.&nbsp;<\/p>\n<\/div>\n<\/div>\n<div id=\"sp-levgi3rkloo6\" data-mobile-visibility=\"#sp-levgi3rkloo6|false\" data-tablet-visibility=\"#sp-levgi3rkloo6|false\" data-desktop-visibility=\"#sp-levgi3rkloo6|false\" data-mobile-css=\"\" data-tablet-css=\"\" class=\"sp-el-col  spBgcover sp-w-full\" style=\"width: calc(50% + 0px);\">\n<style type=\"text\/css\">       #sp-levgi3rkloo6 .sp-col-top .seedprod-shape-fill {fill: undefined;} #sp-levgi3rkloo6 .sp-col-top svg {width: undefined%;height: undefinedpx;transform: translateX(-50%);} #sp-levgi3rkloo6 .sp-col-bottom .seedprod-shape-fill {fill: undefined;} #sp-levgi3rkloo6 .sp-col-bottom svg {width: undefined%;height: undefinedpx;transform: translateX(-50%);}     <\/style>\n<div class=\"sp-col-shape sp-col-top\" style=\"z-index: 0;\">\n<div><\/div>\n<\/div>\n<div class=\"sp-col-shape sp-col-bottom\" style=\"z-index: 0;\">\n<div><\/div>\n<\/div>\n<h2 id=\"sp-jq3licj3p4o\" data-mobile-css=\".sp-headline-block-jq3licj3p4o, #sp-jq3licj3p4o, #jq3licj3p4o|text-align:center;\" data-tablet-css=\".sp-headline-block-jq3licj3p4o, #sp-jq3licj3p4o, #jq3licj3p4o|text-align:center;\" data-mobile-visibility=\".sp-headline-block-jq3licj3p4o|false\" data-tablet-visibility=\".sp-headline-block-jq3licj3p4o|false\" data-desktop-visibility=\".sp-headline-block-jq3licj3p4o|false\" class=\"sp-css-target sp-el-block sp-headline-block-jq3licj3p4o sp-type-header\" style=\"font-size: 20px; text-align: left; margin: 0px;\">Vue D&#8217;ensemble Des Ressources<\/h2>\n<div id=\"sp-drb3xpkb412l\" data-mobile-css=\".sp-text-wrapper-drb3xpkb412l, #sp-drb3xpkb412l, #drb3xpkb412l|text-align:left;\" data-tablet-css=\".sp-text-wrapper-drb3xpkb412l, #sp-drb3xpkb412l, #drb3xpkb412l|text-align:left;\" data-mobile-visibility=\".sp-text-wrapper-drb3xpkb412l|false\" data-tablet-visibility=\".sp-text-wrapper-drb3xpkb412l|false\" data-desktop-visibility=\".sp-text-wrapper-drb3xpkb412l|false\" class=\"sp-css-target sp-text-wrapper sp-el-block sp-text-wrapper-drb3xpkb412l\" style=\"margin: 0px; text-align: left;\">\n<p>Les \u00e9l\u00e8ves qui souhaitent participer aux Olympiades de chimie constateront que les sujets et le niveau de difficult\u00e9 sont sup\u00e9rieurs \u00e0 ceux des programmes d&#8217;\u00e9tudes provinciaux et territoriaux de 12e ann\u00e9e. Les concours nationaux et internationaux mettent \u00e9galement l&#8217;accent sur le travail en laboratoire. Cette page fournit du mat\u00e9riel et des liens pour aider les \u00e9l\u00e8ves \u00e0 remplir les probl\u00e8mes de pr\u00e9paration en ligne et \u00e0 se pr\u00e9parer aux OCC et aux IChO.<\/p>\n<\/div>\n<\/div>\n<\/div>\n<div id=\"sp-gofe5wfdbbcg\" data-mobile-visibility=\"#sp-gofe5wfdbbcg|false\" data-tablet-visibility=\"#sp-gofe5wfdbbcg|false\" data-desktop-visibility=\"#sp-gofe5wfdbbcg|false\" data-mobile-css=\"\" data-tablet-css=\"\" class=\"sp-el-row sm:sp-flex sp-w-full  sp-m-auto spBgcover sp-justify-between\" style=\"padding: 0px; width: auto; max-width: 1000px;\">\n<div id=\"sp-f73b3bs5a846\" data-mobile-visibility=\"#sp-f73b3bs5a846|false\" data-tablet-visibility=\"#sp-f73b3bs5a846|false\" data-desktop-visibility=\"#sp-f73b3bs5a846|false\" data-mobile-css=\"\" data-tablet-css=\"\" class=\"sp-el-col  spBgcover sp-w-full\" style=\"width: calc(50% + 0px);\">\n<style type=\"text\/css\">       #sp-f73b3bs5a846 .sp-col-top .seedprod-shape-fill {fill: undefined;} #sp-f73b3bs5a846 .sp-col-top svg {width: undefined%;height: undefinedpx;transform: translateX(-50%);} #sp-f73b3bs5a846 .sp-col-bottom .seedprod-shape-fill {fill: undefined;} #sp-f73b3bs5a846 .sp-col-bottom svg {width: undefined%;height: undefinedpx;transform: translateX(-50%);}     <\/style>\n<div class=\"sp-col-shape sp-col-top\" style=\"z-index: 0;\">\n<div><\/div>\n<\/div>\n<div class=\"sp-col-shape sp-col-bottom\" style=\"z-index: 0;\">\n<div><\/div>\n<\/div>\n<h2 id=\"sp-vaod563s1ogf\" data-mobile-css=\".sp-headline-block-vaod563s1ogf, #sp-vaod563s1ogf, #vaod563s1ogf|text-align:center;\" data-tablet-css=\".sp-headline-block-vaod563s1ogf, #sp-vaod563s1ogf, #vaod563s1ogf|text-align:center;\" data-mobile-visibility=\".sp-headline-block-vaod563s1ogf|false\" data-tablet-visibility=\".sp-headline-block-vaod563s1ogf|false\" data-desktop-visibility=\".sp-headline-block-vaod563s1ogf|false\" class=\"sp-css-target sp-el-block sp-headline-block-vaod563s1ogf sp-type-header\" style=\"font-size: 20px; text-align: left; margin: 0px;\">Text Resources<\/h2>\n<div id=\"sp-rkudwco3t7r\" data-mobile-css=\".sp-text-wrapper-rkudwco3t7r, #sp-rkudwco3t7r, #rkudwco3t7r|text-align:left;\" data-tablet-css=\".sp-text-wrapper-rkudwco3t7r, #sp-rkudwco3t7r, #rkudwco3t7r|text-align:left;\" data-mobile-visibility=\".sp-text-wrapper-rkudwco3t7r|false\" data-tablet-visibility=\".sp-text-wrapper-rkudwco3t7r|false\" data-desktop-visibility=\".sp-text-wrapper-rkudwco3t7r|false\" class=\"sp-css-target sp-text-wrapper sp-el-block sp-text-wrapper-rkudwco3t7r\" style=\"margin: 0px; text-align: left;\">\n<p>The first few problem sets will build on components of a typical grade 12 chemistry curriculum. Subsequent problem sets while reflect the increasing level of difficulty associated with the practice problems published by the host IChO country. Students may wish to investigate the possibility of auditing 1<sup>st<\/sup> year chemistry courses at their local college or university where evening classes are available.&nbsp; The following are good general chemistry and organic chemistry text books:<\/p>\n<ul>\n<li>Silberberg,&nbsp;<em>Chemistry<\/em>, McGraw-Hill<\/li>\n<li>Zumdahl,&nbsp;<em>Chemical Principles<\/em>, Houghton Mifflin<\/li>\n<li>McMurray,&nbsp;<em>Organic Chemistry<\/em>, Brooks\/Cole\n<ul>\n<li>Streitweiser &amp; Heathcock,&nbsp;<em>Introduction to Organic Chemistry<\/em>, Prentice Hall<\/li>\n<li class=\"m_-3747500363275532660MsoListParagraph\">Fundamentals of Analytical Chemistry, 9th Edition, Douglas A. Skoog, Donald M. West, F. James Holler, and Stanley R. Crouch, Publisher: Brooks\/Cole, Cengage Learning<u><\/u><\/li>\n<li class=\"m_-3747500363275532660MsoListParagraph\">Analytical Chemistry, 7th Edition, Gary D. Christian, Purnendu K. Dasgupta, Kevin A. Schug<u><\/u><u><\/u><\/li>\n<li class=\"m_-3747500363275532660MsoListParagraph\">Principles and Practice of Analytical Chemistry, 5th Edition, F. W. Fifield, David Kealey<\/li>\n<\/ul>\n<\/li>\n<\/ul>\n<\/div>\n<\/div>\n<div id=\"sp-i888n75zkqes\" data-mobile-visibility=\"#sp-i888n75zkqes|false\" data-tablet-visibility=\"#sp-i888n75zkqes|false\" data-desktop-visibility=\"#sp-i888n75zkqes|false\" data-mobile-css=\"\" data-tablet-css=\"\" class=\"sp-el-col  spBgcover sp-w-full\" style=\"width: calc(50% + 0px);\">\n<style type=\"text\/css\">       #sp-i888n75zkqes .sp-col-top .seedprod-shape-fill {fill: undefined;} #sp-i888n75zkqes .sp-col-top svg {width: undefined%;height: undefinedpx;transform: translateX(-50%);} #sp-i888n75zkqes .sp-col-bottom .seedprod-shape-fill {fill: undefined;} #sp-i888n75zkqes .sp-col-bottom svg {width: undefined%;height: undefinedpx;transform: translateX(-50%);}     <\/style>\n<div class=\"sp-col-shape sp-col-top\" style=\"z-index: 0;\">\n<div><\/div>\n<\/div>\n<div class=\"sp-col-shape sp-col-bottom\" style=\"z-index: 0;\">\n<div><\/div>\n<\/div>\n<h2 id=\"sp-l4r1peup61kp\" data-mobile-css=\".sp-headline-block-l4r1peup61kp, #sp-l4r1peup61kp, #l4r1peup61kp|text-align:center;\" data-tablet-css=\".sp-headline-block-l4r1peup61kp, #sp-l4r1peup61kp, #l4r1peup61kp|text-align:center;\" data-mobile-visibility=\".sp-headline-block-l4r1peup61kp|false\" data-tablet-visibility=\".sp-headline-block-l4r1peup61kp|false\" data-desktop-visibility=\".sp-headline-block-l4r1peup61kp|false\" class=\"sp-css-target sp-el-block sp-headline-block-l4r1peup61kp sp-type-header\" style=\"font-size: 20px; text-align: left; margin: 0px;\"><\/h2>\n<div id=\"sp-xkfpb9od90rs\" data-mobile-css=\".sp-text-wrapper-xkfpb9od90rs, #sp-xkfpb9od90rs, #xkfpb9od90rs|text-align:left;\" data-tablet-css=\".sp-text-wrapper-xkfpb9od90rs, #sp-xkfpb9od90rs, #xkfpb9od90rs|text-align:left;\" data-mobile-visibility=\".sp-text-wrapper-xkfpb9od90rs|false\" data-tablet-visibility=\".sp-text-wrapper-xkfpb9od90rs|false\" data-desktop-visibility=\".sp-text-wrapper-xkfpb9od90rs|false\" class=\"sp-css-target sp-text-wrapper sp-el-block sp-text-wrapper-xkfpb9od90rs\" style=\"margin: 0px; text-align: left;\"><\/div>\n<\/div>\n<\/div>\n<div id=\"sp-nt8gzzzwlivk\" data-mobile-visibility=\"#sp-nt8gzzzwlivk|false\" data-tablet-visibility=\"#sp-nt8gzzzwlivk|false\" data-desktop-visibility=\"#sp-nt8gzzzwlivk|false\" data-mobile-css=\"\" data-tablet-css=\"\" class=\"sp-el-row sm:sp-flex sp-w-full  sp-m-auto spBgcover sp-justify-between\" style=\"padding: 0px; width: auto; max-width: 1000px;\">\n<div id=\"sp-nom6h4xmyxhi\" data-mobile-visibility=\"#sp-nom6h4xmyxhi|false\" data-tablet-visibility=\"#sp-nom6h4xmyxhi|false\" data-desktop-visibility=\"#sp-nom6h4xmyxhi|false\" data-mobile-css=\"\" data-tablet-css=\"\" class=\"sp-el-col  spBgcover sp-w-full\" style=\"width: calc(50% + 0px);\">\n<style type=\"text\/css\">       #sp-nom6h4xmyxhi .sp-col-top .seedprod-shape-fill {fill: undefined;} #sp-nom6h4xmyxhi .sp-col-top svg {width: undefined%;height: undefinedpx;transform: translateX(-50%);} #sp-nom6h4xmyxhi .sp-col-bottom .seedprod-shape-fill {fill: undefined;} #sp-nom6h4xmyxhi .sp-col-bottom svg {width: undefined%;height: undefinedpx;transform: translateX(-50%);}     <\/style>\n<div class=\"sp-col-shape sp-col-top\" style=\"z-index: 0;\">\n<div><\/div>\n<\/div>\n<div class=\"sp-col-shape sp-col-bottom\" style=\"z-index: 0;\">\n<div><\/div>\n<\/div>\n<h2 id=\"sp-vi3dpjhyomn\" data-mobile-css=\".sp-headline-block-vi3dpjhyomn, #sp-vi3dpjhyomn, #vi3dpjhyomn|text-align:center;\" data-tablet-css=\".sp-headline-block-vi3dpjhyomn, #sp-vi3dpjhyomn, #vi3dpjhyomn|text-align:center;\" data-mobile-visibility=\".sp-headline-block-vi3dpjhyomn|false\" data-tablet-visibility=\".sp-headline-block-vi3dpjhyomn|false\" data-desktop-visibility=\".sp-headline-block-vi3dpjhyomn|false\" class=\"sp-css-target sp-el-block sp-headline-block-vi3dpjhyomn sp-type-header\" style=\"font-size: 20px; text-align: left; margin: 0px;\">Online resources<\/h2>\n<div id=\"sp-avccdegnbp4\" data-mobile-css=\".sp-text-wrapper-avccdegnbp4, #sp-avccdegnbp4, #avccdegnbp4|text-align:left;\" data-tablet-css=\".sp-text-wrapper-avccdegnbp4, #sp-avccdegnbp4, #avccdegnbp4|text-align:left;\" data-mobile-visibility=\".sp-text-wrapper-avccdegnbp4|false\" data-tablet-visibility=\".sp-text-wrapper-avccdegnbp4|false\" data-desktop-visibility=\".sp-text-wrapper-avccdegnbp4|false\" class=\"sp-css-target sp-text-wrapper sp-el-block sp-text-wrapper-avccdegnbp4\" style=\"margin: 0px; text-align: left;\">\n<ul>\n<li><a href=\"https:\/\/www.khanacademy.org\/search?search_again=1&amp;page_search_query=Organic+Chemistry\">Khan Academy Organic Chemistry<\/a><\/li>\n<li><a href=\"https:\/\/www.khanacademy.org\/science\/chemistry\/thermodynamics-chemistry\">Khan Academy: Thermodynamics<\/a><\/li>\n<li><a href=\"https:\/\/chem.libretexts.org\/Bookshelves\/Organic_Chemistry\/Organic_Chemistry_(OpenStax)\/19%3A_Aldehydes_and_Ketones-_Nucleophilic_Addition_Reactions\/19.09%3A_Nucleophilic_Addition_of_Amines-_Imine_and_Enamine_Formation\">LibreText Organic Chemistry<\/a><\/li>\n<\/ul>\n<\/div>\n<\/div>\n<div id=\"sp-ujjrx1xi4am\" data-mobile-visibility=\"#sp-ujjrx1xi4am|false\" data-tablet-visibility=\"#sp-ujjrx1xi4am|false\" data-desktop-visibility=\"#sp-ujjrx1xi4am|false\" data-mobile-css=\"\" data-tablet-css=\"\" class=\"sp-el-col  spBgcover sp-w-full\" style=\"width: calc(50% + 0px);\">\n<style type=\"text\/css\">       #sp-ujjrx1xi4am .sp-col-top .seedprod-shape-fill {fill: undefined;} #sp-ujjrx1xi4am .sp-col-top svg {width: undefined%;height: undefinedpx;transform: translateX(-50%);} #sp-ujjrx1xi4am .sp-col-bottom .seedprod-shape-fill {fill: undefined;} #sp-ujjrx1xi4am .sp-col-bottom svg {width: undefined%;height: undefinedpx;transform: translateX(-50%);}     <\/style>\n<div class=\"sp-col-shape sp-col-top\" style=\"z-index: 0;\">\n<div><\/div>\n<\/div>\n<div class=\"sp-col-shape sp-col-bottom\" style=\"z-index: 0;\">\n<div><\/div>\n<\/div>\n<h2 id=\"sp-r0mwh3ovbk88d\" data-mobile-css=\".sp-headline-block-r0mwh3ovbk88d, #sp-r0mwh3ovbk88d, #r0mwh3ovbk88d|text-align:center;\" data-tablet-css=\".sp-headline-block-r0mwh3ovbk88d, #sp-r0mwh3ovbk88d, #r0mwh3ovbk88d|text-align:center;\" data-mobile-visibility=\".sp-headline-block-r0mwh3ovbk88d|false\" data-tablet-visibility=\".sp-headline-block-r0mwh3ovbk88d|false\" data-desktop-visibility=\".sp-headline-block-r0mwh3ovbk88d|false\" class=\"sp-css-target sp-el-block sp-headline-block-r0mwh3ovbk88d sp-type-header\" style=\"font-size: 20px; text-align: left; margin: 0px;\"><\/h2>\n<div id=\"sp-qhpa1p79h7pf\" data-mobile-css=\".sp-text-wrapper-qhpa1p79h7pf, #sp-qhpa1p79h7pf, #qhpa1p79h7pf|text-align:left;\" data-tablet-css=\".sp-text-wrapper-qhpa1p79h7pf, #sp-qhpa1p79h7pf, #qhpa1p79h7pf|text-align:left;\" data-mobile-visibility=\".sp-text-wrapper-qhpa1p79h7pf|false\" data-tablet-visibility=\".sp-text-wrapper-qhpa1p79h7pf|false\" data-desktop-visibility=\".sp-text-wrapper-qhpa1p79h7pf|false\" class=\"sp-css-target sp-text-wrapper sp-el-block sp-text-wrapper-qhpa1p79h7pf\" style=\"margin: 0px; text-align: left;\"><\/div>\n<\/div>\n<\/div>\n<\/section>\n","protected":false},"excerpt":{"rendered":"<p>Resources Resource Overview Students wanting to participate in the Chemistry Olympiad will find that the topics and level of difficulty are above those of the provincial and territorial grade 12 curricla. The national and international competitions also place a strong emphasis on laboratory work. This page provides materials and links to assist students in completing [&hellip;]<\/p>\n","protected":false},"author":2,"featured_media":0,"parent":0,"menu_order":0,"comment_status":"closed","ping_status":"closed","template":"","meta":{"footnotes":""},"class_list":["post-160","page","type-page","status-publish","hentry"],"_links":{"self":[{"href":"https:\/\/cco-occ.utschools.ca\/index.php?rest_route=\/wp\/v2\/pages\/160","targetHints":{"allow":["GET"]}}],"collection":[{"href":"https:\/\/cco-occ.utschools.ca\/index.php?rest_route=\/wp\/v2\/pages"}],"about":[{"href":"https:\/\/cco-occ.utschools.ca\/index.php?rest_route=\/wp\/v2\/types\/page"}],"author":[{"embeddable":true,"href":"https:\/\/cco-occ.utschools.ca\/index.php?rest_route=\/wp\/v2\/users\/2"}],"replies":[{"embeddable":true,"href":"https:\/\/cco-occ.utschools.ca\/index.php?rest_route=%2Fwp%2Fv2%2Fcomments&post=160"}],"version-history":[{"count":11,"href":"https:\/\/cco-occ.utschools.ca\/index.php?rest_route=\/wp\/v2\/pages\/160\/revisions"}],"predecessor-version":[{"id":508,"href":"https:\/\/cco-occ.utschools.ca\/index.php?rest_route=\/wp\/v2\/pages\/160\/revisions\/508"}],"wp:attachment":[{"href":"https:\/\/cco-occ.utschools.ca\/index.php?rest_route=%2Fwp%2Fv2%2Fmedia&parent=160"}],"curies":[{"name":"wp","href":"https:\/\/api.w.org\/{rel}","templated":true}]}}